{"id":111,"date":"2023-07-03T10:19:00","date_gmt":"2023-07-03T08:19:00","guid":{"rendered":"http:\/\/jahressieger-2023-gelsenkirchen.info\/?page_id=111"},"modified":"2023-07-03T12:29:14","modified_gmt":"2023-07-03T10:29:14","slug":"wohnmobil-stellplatz","status":"publish","type":"page","link":"http:\/\/jahressieger-2023-gelsenkirchen.info\/?page_id=111","title":{"rendered":"Wohnmobil-Stellplatz"},"content":{"rendered":"<p style=\"font-size:20px;color:green;\"> Es stehen ausreichend Campingpl\u00e4tze zur Verf\u00fcgung  <\/p>\n<p style=\"color:brown;font-size:20px\"> Bitte Anmeldung bis 31.08.2023 mit Fabrikatsangabe und L\u00e4nge des Fahrzeugs<br \/>\nDie Pl\u00e4tze stehen ab Mittwoch den 13.09.2023 bis 18.09.2023 zur Verf\u00fcgung<br \/>\nPreis pro Nacht 20,00\u20ac.<br \/>\nBitte vorab \u00fcberweisen an Boxer Klub e.V. Sitz M\u00fcnchen<br \/>\n<b> IBAN DE 60 7001 0080 0000 3938 05<br \/>\nBIC PBNKDEFF700<\/b><\/p>\n","protected":false},"excerpt":{"rendered":"<p>Es stehen ausreichend Campingpl\u00e4tze zur Verf\u00fcgung Bitte Anmeldung bis 31.08.2023 mit Fabrikatsangabe und L\u00e4nge des Fahrzeugs Die Pl\u00e4tze stehen ab Mittwoch den 13.09.2023 bis 18.09.2023 zur Verf\u00fcgung Preis pro Nacht 20,00\u20ac. Bitte vorab \u00fcberweisen an Boxer Klub e.V. Sitz M\u00fcnchen <span class=\"excerpt-dots\">&hellip;<\/span> <a class=\"more-link\" href=\"http:\/\/jahressieger-2023-gelsenkirchen.info\/?page_id=111\"><span class=\"more-msg\">Weiterlesen &rarr;<\/span><\/a><\/p>\n","protected":false},"author":1,"featured_media":0,"parent":0,"menu_order":0,"comment_status":"closed","ping_status":"closed","template":"","meta":[],"_links":{"self":[{"href":"http:\/\/jahressieger-2023-gelsenkirchen.info\/index.php?rest_route=\/wp\/v2\/pages\/111"}],"collection":[{"href":"http:\/\/jahressieger-2023-gelsenkirchen.info\/index.php?rest_route=\/wp\/v2\/pages"}],"about":[{"href":"http:\/\/jahressieger-2023-gelsenkirchen.info\/index.php?rest_route=\/wp\/v2\/types\/page"}],"author":[{"embeddable":true,"href":"http:\/\/jahressieger-2023-gelsenkirchen.info\/index.php?rest_route=\/wp\/v2\/users\/1"}],"replies":[{"embeddable":true,"href":"http:\/\/jahressieger-2023-gelsenkirchen.info\/index.php?rest_route=%2Fwp%2Fv2%2Fcomments&post=111"}],"version-history":[{"count":5,"href":"http:\/\/jahressieger-2023-gelsenkirchen.info\/index.php?rest_route=\/wp\/v2\/pages\/111\/revisions"}],"predecessor-version":[{"id":145,"href":"http:\/\/jahressieger-2023-gelsenkirchen.info\/index.php?rest_route=\/wp\/v2\/pages\/111\/revisions\/145"}],"wp:attachment":[{"href":"http:\/\/jahressieger-2023-gelsenkirchen.info\/index.php?rest_route=%2Fwp%2Fv2%2Fmedia&parent=111"}],"curies":[{"name":"wp","href":"https:\/\/api.w.org\/{rel}","templated":true}]}}