{"id":132,"date":"2023-07-03T11:57:15","date_gmt":"2023-07-03T09:57:15","guid":{"rendered":"http:\/\/jahressieger-2023-gelsenkirchen.info\/?page_id=132"},"modified":"2023-07-03T11:57:15","modified_gmt":"2023-07-03T09:57:15","slug":"ablauf-der-veranstaltung","status":"publish","type":"page","link":"http:\/\/jahressieger-2023-gelsenkirchen.info\/?page_id=132","title":{"rendered":"Ablauf der Veranstaltung"},"content":{"rendered":"<p style=\"font-size:20px;color:green;\">Veranstaltungsablauf:<br \/>\n<b>Samstag 16.09.2023  Einlass ab 9.00 Uhr <\/b><br \/>\nEr\u00f6ffnung der Veranstaltung 10.30 Uhr<br \/>\nBeginn des Richtens 11.00 Uhr<br \/>\n19.30 Gem\u00fctliches Beisammensein am Grillb\u00fcffet an der Rennbahn<br \/>\n<b> Sonntag 17.09.2023 Einlass ab 7.00 Uhr <\/b><br \/>\nBeginn des Richtens 9.00 Uhr mit der Veteranenklasse<\/p>\n","protected":false},"excerpt":{"rendered":"<p>Veranstaltungsablauf: Samstag 16.09.2023 Einlass ab 9.00 Uhr Er\u00f6ffnung der Veranstaltung 10.30 Uhr Beginn des Richtens 11.00 Uhr 19.30 Gem\u00fctliches Beisammensein am Grillb\u00fcffet an der Rennbahn Sonntag 17.09.2023 Einlass ab 7.00 Uhr Beginn des Richtens 9.00 Uhr mit der Veteranenklasse<\/p>\n <a class=\"more-link\" href=\"http:\/\/jahressieger-2023-gelsenkirchen.info\/?page_id=132\"><span class=\"more-msg\">Weiterlesen &rarr;<\/span><\/a>","protected":false},"author":1,"featured_media":0,"parent":0,"menu_order":0,"comment_status":"closed","ping_status":"closed","template":"","meta":[],"_links":{"self":[{"href":"http:\/\/jahressieger-2023-gelsenkirchen.info\/index.php?rest_route=\/wp\/v2\/pages\/132"}],"collection":[{"href":"http:\/\/jahressieger-2023-gelsenkirchen.info\/index.php?rest_route=\/wp\/v2\/pages"}],"about":[{"href":"http:\/\/jahressieger-2023-gelsenkirchen.info\/index.php?rest_route=\/wp\/v2\/types\/page"}],"author":[{"embeddable":true,"href":"http:\/\/jahressieger-2023-gelsenkirchen.info\/index.php?rest_route=\/wp\/v2\/users\/1"}],"replies":[{"embeddable":true,"href":"http:\/\/jahressieger-2023-gelsenkirchen.info\/index.php?rest_route=%2Fwp%2Fv2%2Fcomments&post=132"}],"version-history":[{"count":6,"href":"http:\/\/jahressieger-2023-gelsenkirchen.info\/index.php?rest_route=\/wp\/v2\/pages\/132\/revisions"}],"predecessor-version":[{"id":138,"href":"http:\/\/jahressieger-2023-gelsenkirchen.info\/index.php?rest_route=\/wp\/v2\/pages\/132\/revisions\/138"}],"wp:attachment":[{"href":"http:\/\/jahressieger-2023-gelsenkirchen.info\/index.php?rest_route=%2Fwp%2Fv2%2Fmedia&parent=132"}],"curies":[{"name":"wp","href":"https:\/\/api.w.org\/{rel}","templated":true}]}}