{"id":160,"date":"2023-07-18T11:41:52","date_gmt":"2023-07-18T09:41:52","guid":{"rendered":"http:\/\/jahressieger-2023-gelsenkirchen.info\/?page_id=160"},"modified":"2023-07-18T11:48:18","modified_gmt":"2023-07-18T09:48:18","slug":"juniorhandling","status":"publish","type":"page","link":"http:\/\/jahressieger-2023-gelsenkirchen.info\/?page_id=160","title":{"rendered":"Juniorhandling"},"content":{"rendered":"<p><b> \u201eJuniorhandling\u201c im Boxer-Klub E.V. Sitz M\u00fcnchen <\/b><\/p>\n<p>Angelehnt an das Konzept der VDH, sollte es jungen Ausstellern erm\u00f6glicht werden ihren Boxer bestm\u00f6glich und unter Gleichaltrigen zu pr\u00e4sentieren.<br \/>\nDas Ausstellen eines Hundes erfordert und f\u00f6rdert das Verst\u00e4ndnis, das Einf\u00fchlungsverm\u00f6gen und das Verantwortungsbewusstsein gegen\u00fcber der Rasse. Dazu wird Fairness, Disziplin und R\u00fccksichtnahme im Ausstellungsring erlernt.<\/p>\n<p>Auf der Jahressieger Ausstellung des Boxer-Klub E.V. Sitz M\u00fcnchen soll es vor dem Endring der Jugendklassen am Samstag den Juniorhandling Wettbewerb geben.<br \/>\nDa es sich um einen ersten Versuch im Jahr 2023 handelt, werden die Meldepl\u00e4tze auf <i style=\"color: red;\">ca. 10 Pl\u00e4tze <\/i>begrenzt.<\/p>\n<p><u>Folgende Teilnahmebedingungen liegen vor:<\/u><br \/>\n\u2022 Altersklasse: 12 &#8211; 15 Jahre &amp; 16 &#8211; 18 Jahre<br \/>\n\u2022 Der Boxer muss nicht auf der JSA gemeldet sein<br \/>\n\u2022 Der Boxer muss nicht im Eigentum des Juniorhandlers stehen.<br \/>\n\u2022 Die Meldegeb\u00fchr betr\u00e4gt 10,00 \u20ac.<\/p>\n<p>Bewertungskriterien:<br \/>\n\u2022 Harmonie und Zusammenarbeit von Juniorhandler und Hund<br \/>\n\u2022 Rassegerechtes Vorf\u00fchren des Boxers<br \/>\n\u2022 Zeigen des Gebisses<br \/>\n\u2022 Vorf\u00fchren des Gangwerks<br \/>\n\u2022 Fairer Umgang innerhalb des Ringes und gegen\u00fcber den anderen Ausstellern.<br \/>\n\u2022 Rassegerechtes Erscheinungsbild des Hundes.<\/p>\n<p><u>Jeder Jugendliche erh\u00e4lt eine Ehrengabe und eine Urkunde, zus\u00e4tzlich 5 Extrapunkte f\u00fcr den TopTen Wettbewerb.<\/u><\/p>\n<p>\u2022 Die Meldung erfolgt \u00fcber ein Anmeldeformular an die Jugendbeauftragte.<br \/>\n\u2022 Es erfolgt die Platzierung 1-4 (wie in allen Klassen der Veranstaltung)<br \/>\n\u2022 Ein externer, renommierter Juniorhandler und Beurteiler bewertet.<\/p>\n<p><i style=\"font-size:14px:\">Dias Anforderungsprofil f\u00fcr das Juniorhandling ist auf der HP des VDH zug\u00e4nglich.<br \/>\nZur Vorbereitung auf die Veranstaltung erhalten die Teilnehmer nach Eingang ihrer Meldung einen Leitfaden zum Juniorhandling.<\/i><\/p>\n<p>M.Loges , R.Brinkmann \u2013 03\/2023<\/p>\n","protected":false},"excerpt":{"rendered":"<p>\u201eJuniorhandling\u201c im Boxer-Klub E.V. Sitz M\u00fcnchen Angelehnt an das Konzept der VDH, sollte es jungen Ausstellern erm\u00f6glicht werden ihren Boxer bestm\u00f6glich und unter Gleichaltrigen zu pr\u00e4sentieren. Das Ausstellen eines Hundes erfordert und f\u00f6rdert das Verst\u00e4ndnis, das Einf\u00fchlungsverm\u00f6gen und das Verantwortungsbewusstsein <span class=\"excerpt-dots\">&hellip;<\/span> <a class=\"more-link\" href=\"http:\/\/jahressieger-2023-gelsenkirchen.info\/?page_id=160\"><span class=\"more-msg\">Weiterlesen &rarr;<\/span><\/a><\/p>\n","protected":false},"author":1,"featured_media":0,"parent":0,"menu_order":0,"comment_status":"closed","ping_status":"closed","template":"","meta":[],"_links":{"self":[{"href":"http:\/\/jahressieger-2023-gelsenkirchen.info\/index.php?rest_route=\/wp\/v2\/pages\/160"}],"collection":[{"href":"http:\/\/jahressieger-2023-gelsenkirchen.info\/index.php?rest_route=\/wp\/v2\/pages"}],"about":[{"href":"http:\/\/jahressieger-2023-gelsenkirchen.info\/index.php?rest_route=\/wp\/v2\/types\/page"}],"author":[{"embeddable":true,"href":"http:\/\/jahressieger-2023-gelsenkirchen.info\/index.php?rest_route=\/wp\/v2\/users\/1"}],"replies":[{"embeddable":true,"href":"http:\/\/jahressieger-2023-gelsenkirchen.info\/index.php?rest_route=%2Fwp%2Fv2%2Fcomments&post=160"}],"version-history":[{"count":10,"href":"http:\/\/jahressieger-2023-gelsenkirchen.info\/index.php?rest_route=\/wp\/v2\/pages\/160\/revisions"}],"predecessor-version":[{"id":171,"href":"http:\/\/jahressieger-2023-gelsenkirchen.info\/index.php?rest_route=\/wp\/v2\/pages\/160\/revisions\/171"}],"wp:attachment":[{"href":"http:\/\/jahressieger-2023-gelsenkirchen.info\/index.php?rest_route=%2Fwp%2Fv2%2Fmedia&parent=160"}],"curies":[{"name":"wp","href":"https:\/\/api.w.org\/{rel}","templated":true}]}}