{"id":178,"date":"2023-08-01T11:31:37","date_gmt":"2023-08-01T09:31:37","guid":{"rendered":"http:\/\/jahressieger-2023-gelsenkirchen.info\/?page_id=178"},"modified":"2023-08-02T10:36:45","modified_gmt":"2023-08-02T08:36:45","slug":"veterinaerbestimmungen","status":"publish","type":"page","link":"http:\/\/jahressieger-2023-gelsenkirchen.info\/?page_id=178","title":{"rendered":"Veterin\u00e4rbestimmungen"},"content":{"rendered":"<p><strong><em>F\u00fcr unsere ausl\u00e4ndischen Ausstellerinnen und Aussteller gilt:<\/em><\/strong><\/p>\n<p>Hunde, die aus einem <strong><i>EU- Mitgliedstaat oder der Schweiz<\/i><\/strong> auf das Ausstellungsgel\u00e4nde (einschlie\u00dflich der Parkpl\u00e4tze und des Campingbereiches) verbracht werden, ist der ordnungsgem\u00e4\u00df ausgef\u00fcllte EU- Heimtierausweis mitzuf\u00fchren und auf Nachfrage der Ausstellungsleitung bzw. deren Beauftragten und dem amtlichen Tierarzt vorzuzeigen. Aus diesem muss zweifelsfrei nachzuvollziehen sein, dass das Tier \u00fcber einen g\u00fcltigen Impfschutz gegen Tollwut verf\u00fcgt.<\/p>\n<p><strong><i>F\u00fcr dauerhaft im Inland gehaltene Boxer<\/i><\/strong> ist der Nachweis eines g\u00fcltigen Tollwutschutzes in Form eines Impfpasses oder eines EU- Heimtierausweises mitzuf\u00fchren und auf Verlangen dem o.a. Personenkreis vorzuzeigen.<\/p>\n<p><a name=\"_GoBack\"><\/a> <strong><i>F\u00fcr Hunde, die aus einem Drittland<\/i> <\/strong>stammen, ist eine amtstier\u00e4rztliche Bescheinigung aus dem Heimatland erforderlich. Aus dieser muss hervorgehen, dass die tierseuchenrechtlichen Anforderungen bei der Einreise erf\u00fcllt sind. Diese Bescheinigung ist auf Nachfrage vorzuzeigen.<\/p>\n<p>Denken Sie auch daran, dass der <strong><i>Tollwutimpfschutz f\u00fcr Welpen<\/i><\/strong> erst 21 Tage nach der Grundimmunisierung wirksam ist. Welpen ohne wirksamen Tollwutschutz d\u00fcrfen auf dem Ausstellungsgel\u00e4nde nicht mitgef\u00fchrt werden.<\/p>\n<p><i><b>F\u00fcr Hunde, die nicht ausgestellt werden oder von Besuchern der Ausstellung mitgef\u00fchrte Hunde<\/b><\/i>, gilt das oben Genannte.<\/p>\n","protected":false},"excerpt":{"rendered":"<p>F\u00fcr unsere ausl\u00e4ndischen Ausstellerinnen und Aussteller gilt: Hunde, die aus einem EU- Mitgliedstaat oder der Schweiz auf das Ausstellungsgel\u00e4nde (einschlie\u00dflich der Parkpl\u00e4tze und des Campingbereiches) verbracht werden, ist der ordnungsgem\u00e4\u00df ausgef\u00fcllte EU- Heimtierausweis mitzuf\u00fchren und auf Nachfrage der Ausstellungsleitung bzw. <span class=\"excerpt-dots\">&hellip;<\/span> <a class=\"more-link\" href=\"http:\/\/jahressieger-2023-gelsenkirchen.info\/?page_id=178\"><span class=\"more-msg\">Weiterlesen &rarr;<\/span><\/a><\/p>\n","protected":false},"author":1,"featured_media":0,"parent":0,"menu_order":0,"comment_status":"closed","ping_status":"closed","template":"","meta":[],"_links":{"self":[{"href":"http:\/\/jahressieger-2023-gelsenkirchen.info\/index.php?rest_route=\/wp\/v2\/pages\/178"}],"collection":[{"href":"http:\/\/jahressieger-2023-gelsenkirchen.info\/index.php?rest_route=\/wp\/v2\/pages"}],"about":[{"href":"http:\/\/jahressieger-2023-gelsenkirchen.info\/index.php?rest_route=\/wp\/v2\/types\/page"}],"author":[{"embeddable":true,"href":"http:\/\/jahressieger-2023-gelsenkirchen.info\/index.php?rest_route=\/wp\/v2\/users\/1"}],"replies":[{"embeddable":true,"href":"http:\/\/jahressieger-2023-gelsenkirchen.info\/index.php?rest_route=%2Fwp%2Fv2%2Fcomments&post=178"}],"version-history":[{"count":5,"href":"http:\/\/jahressieger-2023-gelsenkirchen.info\/index.php?rest_route=\/wp\/v2\/pages\/178\/revisions"}],"predecessor-version":[{"id":184,"href":"http:\/\/jahressieger-2023-gelsenkirchen.info\/index.php?rest_route=\/wp\/v2\/pages\/178\/revisions\/184"}],"wp:attachment":[{"href":"http:\/\/jahressieger-2023-gelsenkirchen.info\/index.php?rest_route=%2Fwp%2Fv2%2Fmedia&parent=178"}],"curies":[{"name":"wp","href":"https:\/\/api.w.org\/{rel}","templated":true}]}}