{"id":75,"date":"2023-06-21T08:52:54","date_gmt":"2023-06-21T06:52:54","guid":{"rendered":"http:\/\/jahressieger-2023-gelsenkirchen.info\/?page_id=75"},"modified":"2023-06-21T08:56:29","modified_gmt":"2023-06-21T06:56:29","slug":"route","status":"publish","type":"page","link":"http:\/\/jahressieger-2023-gelsenkirchen.info\/?page_id=75","title":{"rendered":"Route (Hotel\/Restaurant-Inf)"},"content":{"rendered":"<p><img decoding=\"async\" loading=\"lazy\" class=\"aligncenter size-full wp-image-77\" src=\"http:\/\/jahressieger-2023-gelsenkirchen.info\/wp-content\/uploads\/2023\/06\/maps-leiste.jpg\" alt=\"\" width=\"1019\" height=\"61\" srcset=\"http:\/\/jahressieger-2023-gelsenkirchen.info\/wp-content\/uploads\/2023\/06\/maps-leiste.jpg 1019w, http:\/\/jahressieger-2023-gelsenkirchen.info\/wp-content\/uploads\/2023\/06\/maps-leiste-300x18.jpg 300w, http:\/\/jahressieger-2023-gelsenkirchen.info\/wp-content\/uploads\/2023\/06\/maps-leiste-768x46.jpg 768w\" sizes=\"(max-width: 1019px) 100vw, 1019px\" \/><\/p>\n<p style=\"font-size: 16px; color: blue; text-align: center;\">(diese Infos sind \u00fcber die Funktion &#8218;Gr\u00f6\u00dfere Karte&#8216; in der Mappe abrufbar &#8230;)<\/p>\n<p><iframe loading=\"lazy\" style=\"border: 0;\" src=\"https:\/\/www.google.com\/maps\/embed?pb=!1m18!1m12!1m3!1d2981.483738587725!2d7.138958676912125!3d51.553544207330866!2m3!1f0!2f0!3f0!3m2!1i1024!2i768!4f13.1!3m3!1m2!1s0x47b8e52396ed97ad%3A0xed92267697f53ec4!2sWiedehopfstra%C3%9Fe%20197%2C%2044653%20Gelsenkirchen!5e1!3m2!1sde!2sde!4v1687329724115!5m2!1sde!2sde\" width=\"600\" height=\"450\" allowfullscreen=\"allowfullscreen\"><span style=\"display: inline-block; width: 0px; overflow: hidden; line-height: 0;\" data-mce-type=\"bookmark\" class=\"mce_SELRES_start\">\ufeff<\/span><\/iframe><\/p>\n","protected":false},"excerpt":{"rendered":"<p>(diese Infos sind \u00fcber die Funktion &#8218;Gr\u00f6\u00dfere Karte&#8216; in der Mappe abrufbar &#8230;) \ufeff<\/p>\n <a class=\"more-link\" href=\"http:\/\/jahressieger-2023-gelsenkirchen.info\/?page_id=75\"><span class=\"more-msg\">Weiterlesen &rarr;<\/span><\/a>","protected":false},"author":1,"featured_media":0,"parent":0,"menu_order":0,"comment_status":"closed","ping_status":"closed","template":"","meta":[],"_links":{"self":[{"href":"http:\/\/jahressieger-2023-gelsenkirchen.info\/index.php?rest_route=\/wp\/v2\/pages\/75"}],"collection":[{"href":"http:\/\/jahressieger-2023-gelsenkirchen.info\/index.php?rest_route=\/wp\/v2\/pages"}],"about":[{"href":"http:\/\/jahressieger-2023-gelsenkirchen.info\/index.php?rest_route=\/wp\/v2\/types\/page"}],"author":[{"embeddable":true,"href":"http:\/\/jahressieger-2023-gelsenkirchen.info\/index.php?rest_route=\/wp\/v2\/users\/1"}],"replies":[{"embeddable":true,"href":"http:\/\/jahressieger-2023-gelsenkirchen.info\/index.php?rest_route=%2Fwp%2Fv2%2Fcomments&post=75"}],"version-history":[{"count":10,"href":"http:\/\/jahressieger-2023-gelsenkirchen.info\/index.php?rest_route=\/wp\/v2\/pages\/75\/revisions"}],"predecessor-version":[{"id":88,"href":"http:\/\/jahressieger-2023-gelsenkirchen.info\/index.php?rest_route=\/wp\/v2\/pages\/75\/revisions\/88"}],"wp:attachment":[{"href":"http:\/\/jahressieger-2023-gelsenkirchen.info\/index.php?rest_route=%2Fwp%2Fv2%2Fmedia&parent=75"}],"curies":[{"name":"wp","href":"https:\/\/api.w.org\/{rel}","templated":true}]}}